{"id":83,"date":"2024-12-16T12:28:21","date_gmt":"2024-12-16T12:28:21","guid":{"rendered":"https:\/\/zanebo.usman.morosoftsites.com\/?post_type=product&#038;p=83"},"modified":"2025-08-04T17:05:49","modified_gmt":"2025-08-04T17:05:49","slug":"multifunctional-meat-and-vegetable-blender-multimincer","status":"publish","type":"product","link":"https:\/\/zanebo.eu\/hr\/product\/multifunctional-meat-and-vegetable-blender-multimincer\/","title":{"rendered":"Multifunctional meat and vegetable blender | MULTIMINCER"},"content":{"rendered":"<h4 style=\"text-align: center;\"><strong><span data-sheets-value=\"{&quot;1&quot;:2,&quot;2&quot;:&quot;Ve\u013emi v\u00fdkonn\u00fd kr\u00e1ja\u010d zeleniny alebo m\u00e4sa!&quot;}\" data-sheets-userformat=\"{&quot;2&quot;:769,&quot;3&quot;:{&quot;1&quot;:0},&quot;11&quot;:3,&quot;12&quot;:0}\">A<br \/>\nvery powerful vegetable or meat slicer!<\/span><\/strong><\/h4>\n<p style=\"text-align: center; margin: 0; padding: 0;\"><span style=\"font-weight: 400;\">Grinding, cutting, crushing and<br \/>\nmixing functions.<\/span><\/p>\n<p style=\"text-align: center; margin: 0; padding: 0;\"><span data-sheets-value=\"{&quot;1&quot;:2,&quot;2&quot;:&quot;M\u00f4\u017ee ho pou\u017e\u00edva\u0165 na zeleninu aj m\u00e4so.&quot;}\" data-sheets-userformat=\"{&quot;2&quot;:769,&quot;3&quot;:{&quot;1&quot;:0},&quot;11&quot;:3,&quot;12&quot;:0}\">It<br \/>\ncan be used for both vegetables and meat.<\/span><\/p>\n<p style=\"text-align: center; margin: 0; padding: 0;\"><span style=\"font-weight: 400;\">It features a simple and practical<br \/>\ndesign.<\/span><\/p>\n<h4 style=\"text-align: center;\"><strong>An essential kitchen appliance that should not be missing in any<br \/>\nkitchen.<\/strong><\/h4>\n<p>&nbsp;<\/p>\n<p style=\"text-align: center;\"><picture class=\"aligncenter size-full\"><source srcset=\"https:\/\/sk.vilfino.com\/app\/uploads\/2024\/01\/616463108b3f9_MULTIMINCER_UPSELL_FINAL-1-1.webp\" type=\"image\/webp\" data-srcset=\"https:\/\/sk.vilfino.com\/app\/uploads\/2024\/01\/616463108b3f9_MULTIMINCER_UPSELL_FINAL-1-1.webp\" \/><\/picture> <picture class=\"aligncenter size-full\"><img decoding=\"async\" class=\"aligncenter size-full lazy-img entered loaded\" src=\"https:\/\/sk.vilfino.com\/app\/uploads\/2024\/01\/616463108b3f9_MULTIMINCER_UPSELL_FINAL-1-1.jpg\" data-src=\"https:\/\/sk.vilfino.com\/app\/uploads\/2024\/01\/616463108b3f9_MULTIMINCER_UPSELL_FINAL-1-1.jpg\" data-ll-status=\"loaded\" \/><\/picture><\/p>\n<p style=\"text-align: center;\"><picture class=\"aligncenter size-full\"><source srcset=\"https:\/\/sk.vilfino.com\/app\/uploads\/2024\/01\/MULTIMINCER-IMG2-min-2.webp\" type=\"image\/webp\" data-srcset=\"https:\/\/sk.vilfino.com\/app\/uploads\/2024\/01\/MULTIMINCER-IMG2-min-2.webp\" \/><img decoding=\"async\" class=\"aligncenter size-full lazy-img entered loaded\" src=\"https:\/\/sk.vilfino.com\/app\/uploads\/2024\/01\/MULTIMINCER-IMG2-min-2.jpg\" data-src=\"https:\/\/sk.vilfino.com\/app\/uploads\/2024\/01\/MULTIMINCER-IMG2-min-2.jpg\" data-ll-status=\"loaded\" \/><\/picture><\/p>\n<p style=\"text-align: center; margin: 20px 0 0 0;\"><strong><span style=\"color: #269dd9;\">Multi-purpose use<\/span><\/strong><\/p>\n<p style=\"text-align: center; margin: 0 0 20px 0; padding: 0;\"><span data-sheets-value=\"{&quot;1&quot;:2,&quot;2&quot;:&quot;Tento mix\u00e9r je v\u00fdnimo\u010dn\u00fd v tom, \u017ee dok\u00e1\u017ee vykon\u00e1va\u0165 viacero funkci\u00ed, napr\u00edklad mlie\u0165, seka\u0165, drvi\u0165 a mixova\u0165 \u2013 a to v\u0161etko v jednom pr\u00edstroji.&quot;}\" data-sheets-userformat=\"{&quot;2&quot;:769,&quot;3&quot;:{&quot;1&quot;:0},&quot;11&quot;:3,&quot;12&quot;:0}\">This<br \/>\nblender is unique in that it can perform multiple functions, such as grinding, chopping, crushing and mixing &#8211;<br \/>\nall in one appliance.<\/span><\/p>\n<p style=\"text-align: center; margin: 0; padding: 0;\"><picture class=\"aligncenter size-full\"><source srcset=\"https:\/\/sk.vilfino.com\/app\/uploads\/2024\/01\/MULTIMINCER-IMG3-min-2.webp\" type=\"image\/webp\" data-srcset=\"https:\/\/sk.vilfino.com\/app\/uploads\/2024\/01\/MULTIMINCER-IMG3-min-2.webp\" \/><img decoding=\"async\" class=\"aligncenter size-full lazy-img entered loaded\" src=\"https:\/\/sk.vilfino.com\/app\/uploads\/2024\/01\/MULTIMINCER-IMG3-min-2.jpg\" data-src=\"https:\/\/sk.vilfino.com\/app\/uploads\/2024\/01\/MULTIMINCER-IMG3-min-2.jpg\" data-ll-status=\"loaded\" \/><\/picture><\/p>\n<p style=\"text-align: center; margin: 20px 0 0 0;\"><strong><span style=\"color: #269dd9;\">Quality material<\/span><\/strong><\/p>\n<p style=\"text-align: center; margin: 0 0 20px 0; padding: 0;\"><span style=\"font-weight: 400;\">The appliance is made of<br \/>\nhigh-quality stainless steel, which ensures durability and easy cleaning.<\/span><\/p>\n<p style=\"text-align: center; margin: 0; padding: 0;\"><picture class=\"aligncenter size-full\"><source srcset=\"https:\/\/sk.vilfino.com\/app\/uploads\/2024\/01\/MULTIMINCER-IMG4-min-2.webp\" type=\"image\/webp\" data-srcset=\"https:\/\/sk.vilfino.com\/app\/uploads\/2024\/01\/MULTIMINCER-IMG4-min-2.webp\" \/><img decoding=\"async\" class=\"aligncenter size-full lazy-img entered loaded\" src=\"https:\/\/sk.vilfino.com\/app\/uploads\/2024\/01\/MULTIMINCER-IMG4-min-2.jpg\" data-src=\"https:\/\/sk.vilfino.com\/app\/uploads\/2024\/01\/MULTIMINCER-IMG4-min-2.jpg\" data-ll-status=\"loaded\" \/><\/picture><\/p>\n<p style=\"text-align: center; margin: 20px 0 0 0;\"><strong><span style=\"color: #269dd9;\">Two operating speeds<\/span><\/strong><\/p>\n<p style=\"text-align: center; margin: 0 0 20px 0;\"><span data-sheets-value=\"{&quot;1&quot;:2,&quot;2&quot;:&quot;Spotrebi\u010d poskytuje dve prev\u00e1dzkov\u00e9 r\u00fdchlosti, ktor\u00e9 umo\u017e\u0148uj\u00fa r\u00fdchlej\u0161ie sekanie alebo pomal\u0161ie rezanie.&quot;}\" data-sheets-userformat=\"{&quot;2&quot;:769,&quot;3&quot;:{&quot;1&quot;:0},&quot;11&quot;:3,&quot;12&quot;:0}\">The<br \/>\nappliance provides two operating speeds, which allow for faster chopping or slower cutting.<\/span><\/p>\n<h3 style=\"text-align: center;\"><strong><span data-sheets-value=\"{&quot;1&quot;:2,&quot;2&quot;:&quot;Technick\u00e9 parametre&quot;}\" data-sheets-userformat=\"{&quot;2&quot;:769,&quot;3&quot;:{&quot;1&quot;:0},&quot;11&quot;:3,&quot;12&quot;:0}\">Technical<br \/>\nparameters<\/span><\/strong><\/h3>\n<p style=\"text-align: center; margin: 0;\"><strong>Material<\/strong><\/p>\n<p style=\"text-align: center; margin: 0 0 15px 0;\"><span style=\"font-weight: 400;\">stainless steel<\/span><\/p>\n<p style=\"text-align: center; margin: 0;\"><strong>Volume<\/strong><\/p>\n<p style=\"text-align: center; margin: 0 0 15px 0;\">2 l<\/p>\n<p style=\"text-align: center; margin: 0;\"><strong>Power<\/strong><\/p>\n<p style=\"text-align: center; margin: 0 0 0px 0;\">250W<\/p>\n<h3 style=\"text-align: center;\"><strong><span data-sheets-value=\"{&quot;1&quot;:2,&quot;2&quot;:&quot;Multifunk\u010dn\u00fd drvi\u010d&quot;}\" data-sheets-userformat=\"{&quot;2&quot;:769,&quot;3&quot;:{&quot;1&quot;:0},&quot;11&quot;:3,&quot;12&quot;:0}\">Multifunctional<br \/>\nshredder<\/span><\/strong><\/h3>\n<p>&nbsp;<\/p>\n<p style=\"text-align: center;\"><picture class=\"aligncenter size-full\"><source srcset=\"https:\/\/sk.vilfino.com\/app\/uploads\/2024\/01\/MULTIMINCER_8-2-2.webp\" type=\"image\/webp\" data-srcset=\"https:\/\/sk.vilfino.com\/app\/uploads\/2024\/01\/MULTIMINCER_8-2-2.webp\" \/><img decoding=\"async\" class=\"aligncenter size-full lazy-img entered loaded\" src=\"https:\/\/sk.vilfino.com\/app\/uploads\/2024\/01\/MULTIMINCER_8-2-2.jpg\" data-src=\"https:\/\/sk.vilfino.com\/app\/uploads\/2024\/01\/MULTIMINCER_8-2-2.jpg\" data-ll-status=\"loaded\" \/><\/picture><\/p>\n<p style=\"text-align: center; margin: 0;\"><strong><span style=\"color: #269dd9;\">Vegetable Cutting<\/span><\/strong><\/p>\n<p style=\"text-align: center; margin: 0 0 20px 0;\"><span data-sheets-value=\"{&quot;1&quot;:2,&quot;2&quot;:&quot;U\u0161etrite \u010das namiesto ru\u010dn\u00e9ho kr\u00e1jania jednoduch\u00fdm sekan\u00edm zeleniny, napr\u00edklad cibule, mrkvy, cesnaku a \u010fal\u0161\u00edch druhov.&quot;}\" data-sheets-userformat=\"{&quot;2&quot;:769,&quot;3&quot;:{&quot;1&quot;:0},&quot;11&quot;:3,&quot;12&quot;:0}\">Save<br \/>\ntime by simply chopping vegetables, such as onions, carrots, garlic and more, instead of cutting by hand.<\/span><\/p>\n<p style=\"text-align: center; margin: 0;\"><strong><span style=\"color: #269dd9;\">Meat mincing<\/span><\/strong><\/p>\n<p style=\"text-align: center; margin: 0 0 20px 0;\"><span data-sheets-value=\"{&quot;1&quot;:2,&quot;2&quot;:&quot;V\u00fdkonn\u00e9 no\u017ee umo\u017e\u0148uj\u00fa bezprobl\u00e9mov\u00e9 mletie m\u00e4sa na pr\u00edpravu chutn\u00fdch hamburgerov a in\u00fdch m\u00e4sov\u00fdch pokrmov.&quot;}\" data-sheets-userformat=\"{&quot;2&quot;:769,&quot;3&quot;:{&quot;1&quot;:0},&quot;11&quot;:3,&quot;12&quot;:0}\">Powerful<br \/>\nknives allow for trouble-free meat mincing to prepare tasty hamburgers and<br \/>\nother meat dishes.<\/span><\/p>\n<p style=\"text-align: center;\"><strong>\n<picture class=\"aligncenter size-full\"><source srcset=\"https:\/\/sk.vilfino.com\/app\/uploads\/2024\/01\/MULTIMINCER_10-2-2.webp\" type=\"image\/webp\" data-srcset=\"https:\/\/sk.vilfino.com\/app\/uploads\/2024\/01\/MULTIMINCER_10-2-2.webp\" \/><img decoding=\"async\" class=\"aligncenter size-full lazy-img entered loaded\" src=\"https:\/\/sk.vilfino.com\/app\/uploads\/2024\/01\/MULTIMINCER_10-2-2.jpg\" data-src=\"https:\/\/sk.vilfino.com\/app\/uploads\/2024\/01\/MULTIMINCER_10-2-2.jpg\" data-ll-status=\"loaded\" \/><\/picture> <\/strong><\/p>\n<p>&nbsp;<\/p>\n<p style=\"text-align: center; margin: 0;\"><strong><span style=\"color: #269dd9;\"><span data-sheets-value=\"{&quot;1&quot;:2,&quot;2&quot;:&quot;Mletie such\u00fdch potrav\u00edn&quot;}\" data-sheets-userformat=\"{&quot;2&quot;:769,&quot;3&quot;:{&quot;1&quot;:0},&quot;11&quot;:3,&quot;12&quot;:0}\">Grinding<br \/>\ndry foods<\/span><\/span><\/strong><\/p>\n<p style=\"text-align: center; margin: 0 0 20px 0;\"><span data-sheets-value=\"{&quot;1&quot;:2,&quot;2&quot;:&quot;Pomocou funkcie drvenia m\u00f4\u017eete pomlie\u0165 such\u00e9 potraviny, ako napr\u00edklad semienka, lieskov\u00e9 orechy a mandle, a pripravi\u0165 si tak v\u00fd\u017eivn\u00fa ra\u0148ajkov\u00fa zmes.&quot;}\" data-sheets-userformat=\"{&quot;2&quot;:769,&quot;3&quot;:{&quot;1&quot;:0},&quot;11&quot;:3,&quot;12&quot;:0}\">Using<br \/>\nthe grinding function, you can grind dry foods such as seeds, hazelnuts and almonds to make a nutritious<br \/>\nbreakfast mix.<\/span><\/p>\n<h4 style=\"text-align: center;\"><strong>What&#8217;s in the package?<\/strong><\/h4>\n<p style=\"text-align: center;\"><span data-sheets-value=\"{&quot;1&quot;:2,&quot;2&quot;:&quot;1x multifunk\u010dn\u00fd sek\u00e1\u010dik Mixer Pro&quot;}\" data-sheets-userformat=\"{&quot;2&quot;:769,&quot;3&quot;:{&quot;1&quot;:0},&quot;11&quot;:3,&quot;12&quot;:0}\">1x<br \/>\nMixer Pro multi-function <\/span><span data-sheets-value=\"{&quot;1&quot;:2,&quot;2&quot;:&quot;1x n\u00e1doba&quot;}\" data-sheets-userformat=\"{&quot;2&quot;:769,&quot;3&quot;:{&quot;1&quot;:0},&quot;11&quot;:3,&quot;12&quot;:0}\">chopper<\/span><\/p>\n<p>1x container<\/p>\n<p><span style=\"font-weight: 400;\">1x lid<br \/>\n<\/span><br \/>\n<span style=\"font-weight: 400;\">1x mini spatula<\/span><\/p>\n<p><span style=\"font-weight: 400;\">\n<picture class=\"aligncenter size-full\"><source srcset=\"https:\/\/sk.vilfino.com\/app\/uploads\/2024\/01\/MULTIMINCER_11-2-2.webp\" type=\"image\/webp\" data-srcset=\"https:\/\/sk.vilfino.com\/app\/uploads\/2024\/01\/MULTIMINCER_11-2-2.webp\" \/><img decoding=\"async\" class=\"pad-con aligncenter size-full lazy-img entered loaded\" src=\"https:\/\/sk.vilfino.com\/app\/uploads\/2024\/01\/MULTIMINCER_11-2-2.jpg\" data-src=\"https:\/\/sk.vilfino.com\/app\/uploads\/2024\/01\/MULTIMINCER_11-2-2.jpg\" data-ll-status=\"loaded\" \/><\/picture> <\/span><\/p>","protected":false},"excerpt":{"rendered":"<p>This blender is unique in that it can perform multiple functions, such as grinding, chopping, crushing, and mixing &#8211; all in one appliance.<\/p>","protected":false},"featured_media":99,"comment_status":"open","ping_status":"closed","template":"","meta":{"site-sidebar-layout":"default","site-content-layout":"","ast-site-content-layout":"default","site-content-style":"default","site-sidebar-style":"default","ast-global-header-display":"","ast-banner-title-visibility":"","ast-main-header-display":"","ast-hfb-above-header-display":"","ast-hfb-below-header-display":"","ast-hfb-mobile-header-display":"","site-post-title":"","ast-breadcrumbs-content":"","ast-featured-img":"","footer-sml-layout":"","theme-transparent-header-meta":"default","adv-header-id-meta":"","stick-header-meta":"","header-above-stick-meta":"","header-main-stick-meta":"","header-below-stick-meta":"","astra-migrate-meta-layouts":"set","ast-page-background-enabled":"default","ast-page-background-meta":{"desktop":{"background-color":"var(--ast-global-color-5)","background-image":"","background-repeat":"repeat","background-position":"center center","background-size":"auto","background-attachment":"scroll","background-type":"","background-media":"","overlay-type":"","overlay-color":"","overlay-opacity":"","overlay-gradient":""},"tablet":{"background-color":"","background-image":"","background-repeat":"repeat","background-position":"center center","background-size":"auto","background-attachment":"scroll","background-type":"","background-media":"","overlay-type":"","overlay-color":"","overlay-opacity":"","overlay-gradient":""},"mobile":{"background-color":"","background-image":"","background-repeat":"repeat","background-position":"center center","background-size":"auto","background-attachment":"scroll","background-type":"","background-media":"","overlay-type":"","overlay-color":"","overlay-opacity":"","overlay-gradient":""}},"ast-content-background-meta":{"desktop":{"background-color":"var(--ast-global-color-4)","background-image":"","background-repeat":"repeat","background-position":"center center","background-size":"auto","background-attachment":"scroll","background-type":"","background-media":"","overlay-type":"","overlay-color":"","overlay-opacity":"","overlay-gradient":""},"tablet":{"background-color":"var(--ast-global-color-4)","background-image":"","background-repeat":"repeat","background-position":"center center","background-size":"auto","background-attachment":"scroll","background-type":"","background-media":"","overlay-type":"","overlay-color":"","overlay-opacity":"","overlay-gradient":""},"mobile":{"background-color":"var(--ast-global-color-4)","background-image":"","background-repeat":"repeat","background-position":"center center","background-size":"auto","background-attachment":"scroll","background-type":"","background-media":"","overlay-type":"","overlay-color":"","overlay-opacity":"","overlay-gradient":""}}},"product_brand":[],"product_cat":[16,21,33],"product_tag":[],"class_list":{"0":"post-83","1":"product","2":"type-product","3":"status-publish","4":"has-post-thumbnail","6":"product_cat-uncategorized","7":"product_cat-beauty-and-health","8":"product_cat-kitchen","9":"product_shipping_class-small","10":"desktop-align-left","11":"tablet-align-left","12":"mobile-align-left","14":"first","15":"instock","16":"sale","17":"shipping-taxable","18":"purchasable","19":"product-type-simple"},"_links":{"self":[{"href":"https:\/\/zanebo.eu\/hr\/wp-json\/wp\/v2\/product\/83","targetHints":{"allow":["GET"]}}],"collection":[{"href":"https:\/\/zanebo.eu\/hr\/wp-json\/wp\/v2\/product"}],"about":[{"href":"https:\/\/zanebo.eu\/hr\/wp-json\/wp\/v2\/types\/product"}],"replies":[{"embeddable":true,"href":"https:\/\/zanebo.eu\/hr\/wp-json\/wp\/v2\/comments?post=83"}],"version-history":[{"count":1,"href":"https:\/\/zanebo.eu\/hr\/wp-json\/wp\/v2\/product\/83\/revisions"}],"predecessor-version":[{"id":12394,"href":"https:\/\/zanebo.eu\/hr\/wp-json\/wp\/v2\/product\/83\/revisions\/12394"}],"wp:featuredmedia":[{"embeddable":true,"href":"https:\/\/zanebo.eu\/hr\/wp-json\/wp\/v2\/media\/99"}],"wp:attachment":[{"href":"https:\/\/zanebo.eu\/hr\/wp-json\/wp\/v2\/media?parent=83"}],"wp:term":[{"taxonomy":"product_brand","embeddable":true,"href":"https:\/\/zanebo.eu\/hr\/wp-json\/wp\/v2\/product_brand?post=83"},{"taxonomy":"product_cat","embeddable":true,"href":"https:\/\/zanebo.eu\/hr\/wp-json\/wp\/v2\/product_cat?post=83"},{"taxonomy":"product_tag","embeddable":true,"href":"https:\/\/zanebo.eu\/hr\/wp-json\/wp\/v2\/product_tag?post=83"}],"curies":[{"name":"wp","href":"https:\/\/api.w.org\/{rel}","templated":true}]}}