{"id":4935,"date":"2025-02-20T05:24:41","date_gmt":"2025-02-20T05:24:41","guid":{"rendered":"https:\/\/zanebo.eu\/?post_type=product&#038;p=4935"},"modified":"2026-04-22T21:30:40","modified_gmt":"2026-04-22T21:30:40","slug":"smart-led-light-with-motion-sensor-for-security-lumicom","status":"publish","type":"product","link":"https:\/\/zanebo.eu\/es\/producto\/smart-led-light-with-motion-sensor-for-security-lumicom\/","title":{"rendered":"Luz LED inteligente con sensor de movimiento para seguridad | LUMICOM"},"content":{"rendered":"<p>&nbsp;<\/p>\n<div style=\"width: 598px;\" class=\"wp-video\"><!--[if lt IE 9]><script>document.createElement('video');<\/script><![endif]-->\n<video class=\"wp-video-shortcode\" id=\"video-4935-1\" width=\"598\" height=\"598\" preload=\"metadata\" controls=\"controls\"><source type=\"video\/webm\" src=\"https:\/\/zanebo.eu\/wp-content\/uploads\/2025\/02\/LUMICOM21939__33375d32__d13e449b.webm?_=1\" \/><a href=\"https:\/\/zanebo.eu\/wp-content\/uploads\/2025\/02\/LUMICOM21939__33375d32__d13e449b.webm\">https:\/\/zanebo.eu\/wp-content\/uploads\/2025\/02\/LUMICOM21939__33375d32__d13e449b.webm<\/a><\/video><\/div>\n<p>&nbsp;<\/p>\n<p style=\"text-align: center;\"><strong>\ud83d\udeaa Wardrobe and closet &#8211; an essential tool<\/strong><br \/>\nHaz que vestirte sea m\u00e1s f\u00e1cil colocando esta luz en tu armario o ropero. Se encender\u00e1 autom\u00e1ticamente cuando abras la puerta, ayud\u00e1ndote a encontrar tu ropa sin buscar a tientas en la oscuridad.<\/p>\n<p><a href=\"https:\/\/zanebo.eu\/wp-content\/uploads\/2025\/02\/LUMICOM22004__e6543f5c.webp\"><img fetchpriority=\"high\" decoding=\"async\" class=\"wp-image-4941 aligncenter\" src=\"https:\/\/zanebo.eu\/wp-content\/uploads\/2025\/02\/LUMICOM22004__e6543f5c-300x300.webp\" alt=\"\" width=\"409\" height=\"409\" srcset=\"https:\/\/zanebo.eu\/wp-content\/uploads\/2025\/02\/LUMICOM22004__e6543f5c-300x300.webp 300w, https:\/\/zanebo.eu\/wp-content\/uploads\/2025\/02\/LUMICOM22004__e6543f5c-150x150.webp 150w, https:\/\/zanebo.eu\/wp-content\/uploads\/2025\/02\/LUMICOM22004__e6543f5c-500x500.webp 500w, https:\/\/zanebo.eu\/wp-content\/uploads\/2025\/02\/LUMICOM22004__e6543f5c-100x100.webp 100w, https:\/\/zanebo.eu\/wp-content\/uploads\/2025\/02\/LUMICOM22004__e6543f5c.webp 600w\" sizes=\"(max-width: 409px) 100vw, 409px\" \/><\/a><\/p>\n<p>&nbsp;<\/p>\n<p style=\"text-align: center;\"><strong>\ud83c\udf74 Visitas a la cocina a medianoche<\/strong><br \/>\nEvita despertar a los dem\u00e1s mientras tomas un refrigerio de medianoche o agua. Coloca una luz debajo de los gabinetes de la cocina o en las encimeras para iluminar tu camino sin molestar a nadie.<\/p>\n<p><a href=\"https:\/\/zanebo.eu\/wp-content\/uploads\/2025\/02\/LUMICOM23004__1180654f.webp\"><img decoding=\"async\" class=\"wp-image-4944 aligncenter\" src=\"https:\/\/zanebo.eu\/wp-content\/uploads\/2025\/02\/LUMICOM23004__1180654f-300x300.webp\" alt=\"\" width=\"416\" height=\"416\" srcset=\"https:\/\/zanebo.eu\/wp-content\/uploads\/2025\/02\/LUMICOM23004__1180654f-300x300.webp 300w, https:\/\/zanebo.eu\/wp-content\/uploads\/2025\/02\/LUMICOM23004__1180654f-150x150.webp 150w, https:\/\/zanebo.eu\/wp-content\/uploads\/2025\/02\/LUMICOM23004__1180654f-500x500.webp 500w, https:\/\/zanebo.eu\/wp-content\/uploads\/2025\/02\/LUMICOM23004__1180654f-100x100.webp 100w, https:\/\/zanebo.eu\/wp-content\/uploads\/2025\/02\/LUMICOM23004__1180654f.webp 600w\" sizes=\"(max-width: 416px) 100vw, 416px\" \/><\/a><\/p>\n<p>&nbsp;<\/p>\n<p style=\"text-align: center;\"><strong>\ud83d\udeb6 Ilumina tu camino con seguridad<\/strong><br \/>\n\u00a1Nunca m\u00e1s tropieces en la oscuridad! Instala esta luz a los pies de tu cama para que, cuando te despiertes por la noche, se encienda autom\u00e1ticamente y te gu\u00ede de forma segura al ba\u00f1o o a la puerta.<\/p>\n<p><a href=\"https:\/\/zanebo.eu\/wp-content\/uploads\/2025\/02\/LUMICOM24004__a535f023.webp\"><img decoding=\"async\" class=\"wp-image-4948 aligncenter\" src=\"https:\/\/zanebo.eu\/wp-content\/uploads\/2025\/02\/LUMICOM24004__a535f023-300x300.webp\" alt=\"\" width=\"411\" height=\"411\" srcset=\"https:\/\/zanebo.eu\/wp-content\/uploads\/2025\/02\/LUMICOM24004__a535f023-300x300.webp 300w, https:\/\/zanebo.eu\/wp-content\/uploads\/2025\/02\/LUMICOM24004__a535f023-150x150.webp 150w, https:\/\/zanebo.eu\/wp-content\/uploads\/2025\/02\/LUMICOM24004__a535f023-500x500.webp 500w, https:\/\/zanebo.eu\/wp-content\/uploads\/2025\/02\/LUMICOM24004__a535f023-100x100.webp 100w, https:\/\/zanebo.eu\/wp-content\/uploads\/2025\/02\/LUMICOM24004__a535f023.webp 600w\" sizes=\"(max-width: 411px) 100vw, 411px\" \/><\/a><\/p>\n<p>&nbsp;<\/p>\n<p style=\"text-align: center;\"><strong>\ud83d\udee0\ufe0f Pr\u00e1ctico para herramientas y suministros de emergencia<\/strong><br \/>\nIdeal para el garaje o el cobertizo de herramientas, esta luz se encender\u00e1 cuando busques herramientas o suministros de emergencia, brind\u00e1ndote una visi\u00f3n instant\u00e1nea de lo que necesitas, incluso de noche.<\/p>\n<p><a href=\"https:\/\/zanebo.eu\/wp-content\/uploads\/2025\/02\/LUMICOM25918__7de220db__bf587fd2-1.webp\"><img loading=\"lazy\" decoding=\"async\" class=\"wp-image-4950 aligncenter\" src=\"https:\/\/zanebo.eu\/wp-content\/uploads\/2025\/02\/LUMICOM25918__7de220db__bf587fd2-1-300x300.webp\" alt=\"\" width=\"406\" height=\"406\" srcset=\"https:\/\/zanebo.eu\/wp-content\/uploads\/2025\/02\/LUMICOM25918__7de220db__bf587fd2-1-300x300.webp 300w, https:\/\/zanebo.eu\/wp-content\/uploads\/2025\/02\/LUMICOM25918__7de220db__bf587fd2-1-150x150.webp 150w, https:\/\/zanebo.eu\/wp-content\/uploads\/2025\/02\/LUMICOM25918__7de220db__bf587fd2-1-500x500.webp 500w, https:\/\/zanebo.eu\/wp-content\/uploads\/2025\/02\/LUMICOM25918__7de220db__bf587fd2-1-100x100.webp 100w, https:\/\/zanebo.eu\/wp-content\/uploads\/2025\/02\/LUMICOM25918__7de220db__bf587fd2-1.webp 600w\" sizes=\"(max-width: 406px) 100vw, 406px\" \/><\/a><\/p>\n<p>&nbsp;<\/p>\n<p style=\"text-align: center;\"><strong>Unidades de almacenamiento y s\u00f3tano<\/strong><br \/>\nStick this light in storage areas like basements, attics, or cellars. It&#8217;s perfect for illuminating these often dark and cluttered spaces whenever you need to retrieve something.<\/p>\n<p><a href=\"https:\/\/zanebo.eu\/wp-content\/uploads\/2025\/02\/LUMICOM26492__c9c845aa__2ff890fe.webp\"><img loading=\"lazy\" decoding=\"async\" class=\"wp-image-4951 aligncenter\" src=\"https:\/\/zanebo.eu\/wp-content\/uploads\/2025\/02\/LUMICOM26492__c9c845aa__2ff890fe-300x300.webp\" alt=\"\" width=\"429\" height=\"429\" srcset=\"https:\/\/zanebo.eu\/wp-content\/uploads\/2025\/02\/LUMICOM26492__c9c845aa__2ff890fe-300x300.webp 300w, https:\/\/zanebo.eu\/wp-content\/uploads\/2025\/02\/LUMICOM26492__c9c845aa__2ff890fe-150x150.webp 150w, https:\/\/zanebo.eu\/wp-content\/uploads\/2025\/02\/LUMICOM26492__c9c845aa__2ff890fe-500x500.webp 500w, https:\/\/zanebo.eu\/wp-content\/uploads\/2025\/02\/LUMICOM26492__c9c845aa__2ff890fe-100x100.webp 100w, https:\/\/zanebo.eu\/wp-content\/uploads\/2025\/02\/LUMICOM26492__c9c845aa__2ff890fe.webp 600w\" sizes=\"(max-width: 429px) 100vw, 429px\" \/><\/a><\/p>\n<p>&nbsp;<\/p>\n<p style=\"text-align: center;\"><strong>Comodidad del ba\u00f1o<\/strong><br \/>\nPega la luz cerca de la puerta del ba\u00f1o o en su interior. Se activa cuando te acercas, proporcionando suficiente luz para las visitas nocturnas sin el brillo intenso de las luces superiores.<\/p>\n<p><a href=\"https:\/\/zanebo.eu\/wp-content\/uploads\/2025\/02\/LUMICOM27194__3203976d__7231ebb7-1.webp\"><img loading=\"lazy\" decoding=\"async\" class=\"wp-image-4953 aligncenter\" src=\"https:\/\/zanebo.eu\/wp-content\/uploads\/2025\/02\/LUMICOM27194__3203976d__7231ebb7-1-300x300.webp\" alt=\"\" width=\"408\" height=\"408\" srcset=\"https:\/\/zanebo.eu\/wp-content\/uploads\/2025\/02\/LUMICOM27194__3203976d__7231ebb7-1-300x300.webp 300w, https:\/\/zanebo.eu\/wp-content\/uploads\/2025\/02\/LUMICOM27194__3203976d__7231ebb7-1-150x150.webp 150w, https:\/\/zanebo.eu\/wp-content\/uploads\/2025\/02\/LUMICOM27194__3203976d__7231ebb7-1-500x500.webp 500w, https:\/\/zanebo.eu\/wp-content\/uploads\/2025\/02\/LUMICOM27194__3203976d__7231ebb7-1-100x100.webp 100w, https:\/\/zanebo.eu\/wp-content\/uploads\/2025\/02\/LUMICOM27194__3203976d__7231ebb7-1.webp 600w\" sizes=\"(max-width: 408px) 100vw, 408px\" \/><\/a><\/p>\n<p>&nbsp;<\/p>\n<p style=\"text-align: center;\"><strong>Organizador de Maletero de Coche<\/strong><br \/>\nYa no tendr\u00e1s que buscar en la oscuridad al acceder al maletero de tu coche. Coloca esta luz en la parte trasera para encontrar r\u00e1pidamente herramientas, comestibles u otros art\u00edculos, mientras que la funci\u00f3n de apagado autom\u00e1tico ahorra la vida \u00fatil de la bater\u00eda.<\/p>\n<p><a href=\"https:\/\/zanebo.eu\/wp-content\/uploads\/2025\/02\/LUMICOM28401__7c66e933__377dbf08-1.webp\"><img loading=\"lazy\" decoding=\"async\" class=\"wp-image-4955 aligncenter\" src=\"https:\/\/zanebo.eu\/wp-content\/uploads\/2025\/02\/LUMICOM28401__7c66e933__377dbf08-1-300x300.webp\" alt=\"\" width=\"417\" height=\"417\" srcset=\"https:\/\/zanebo.eu\/wp-content\/uploads\/2025\/02\/LUMICOM28401__7c66e933__377dbf08-1-300x300.webp 300w, https:\/\/zanebo.eu\/wp-content\/uploads\/2025\/02\/LUMICOM28401__7c66e933__377dbf08-1-150x150.webp 150w, https:\/\/zanebo.eu\/wp-content\/uploads\/2025\/02\/LUMICOM28401__7c66e933__377dbf08-1-500x500.webp 500w, https:\/\/zanebo.eu\/wp-content\/uploads\/2025\/02\/LUMICOM28401__7c66e933__377dbf08-1-100x100.webp 100w, https:\/\/zanebo.eu\/wp-content\/uploads\/2025\/02\/LUMICOM28401__7c66e933__377dbf08-1.webp 600w\" sizes=\"(max-width: 417px) 100vw, 417px\" \/><\/a><\/p>\n<p style=\"text-align: center;\"><span data-sheets-root=\"1\"><strong>Texto<\/strong><br \/>\nMaterial: high-quality aircraft aluminum housing<br \/>\nColor: white<br \/>\nNumber of LEDs: 10 LEDs per light<br \/>\nBrightness: up to 350 lumens<br \/>\nDimensions: 19 cm (length) x 3 cm (width)<br \/>\nBatteries: 4x AAA (not included)<br \/>\nAutomatic shut-off: after 12-18 seconds of no movement<\/span><\/p>\n<p>&nbsp;<\/p>\n<p style=\"text-align: center;\"><strong>\"El paquete incluye:\"<\/strong><br \/>\n1x Luz con sensor LED<\/p>","protected":false},"excerpt":{"rendered":"<p style=\"text-align: left;\"><b>\ud83d\udca1<\/b>Smart motion sensor<\/p>\n<p style=\"text-align: left;\"><b>\u26a1<\/b>Energy-saving LED technology<\/p>\n<p style=\"text-align: left;\"><b>\ud83c\udfe1<\/b>Universal use<\/p>\n<p style=\"text-align: left;\"><b>\u2728<\/b>Modern and minimalist design<\/p>\n<p style=\"text-align: left;\"><b>\ud83d\udd0b<\/b>Powered by 4 AAA batteries<\/p>","protected":false},"featured_media":4960,"comment_status":"open","ping_status":"closed","template":"","meta":{"site-sidebar-layout":"default","site-content-layout":"","ast-site-content-layout":"default","site-content-style":"default","site-sidebar-style":"default","ast-global-header-display":"","ast-banner-title-visibility":"","ast-main-header-display":"","ast-hfb-above-header-display":"","ast-hfb-below-header-display":"","ast-hfb-mobile-header-display":"","site-post-title":"","ast-breadcrumbs-content":"","ast-featured-img":"","footer-sml-layout":"","ast-disable-related-posts":"","theme-transparent-header-meta":"default","adv-header-id-meta":"","stick-header-meta":"","header-above-stick-meta":"","header-main-stick-meta":"","header-below-stick-meta":"","astra-migrate-meta-layouts":"set","ast-page-background-enabled":"default","ast-page-background-meta":{"desktop":{"background-color":"var(--ast-global-color-5)","background-image":"","background-repeat":"repeat","background-position":"center center","background-size":"auto","background-attachment":"scroll","background-type":"","background-media":"","overlay-type":"","overlay-color":"","overlay-opacity":"","overlay-gradient":""},"tablet":{"background-color":"","background-image":"","background-repeat":"repeat","background-position":"center center","background-size":"auto","background-attachment":"scroll","background-type":"","background-media":"","overlay-type":"","overlay-color":"","overlay-opacity":"","overlay-gradient":""},"mobile":{"background-color":"","background-image":"","background-repeat":"repeat","background-position":"center center","background-size":"auto","background-attachment":"scroll","background-type":"","background-media":"","overlay-type":"","overlay-color":"","overlay-opacity":"","overlay-gradient":""}},"ast-content-background-meta":{"desktop":{"background-color":"var(--ast-global-color-4)","background-image":"","background-repeat":"repeat","background-position":"center center","background-size":"auto","background-attachment":"scroll","background-type":"","background-media":"","overlay-type":"","overlay-color":"","overlay-opacity":"","overlay-gradient":""},"tablet":{"background-color":"var(--ast-global-color-4)","background-image":"","background-repeat":"repeat","background-position":"center center","background-size":"auto","background-attachment":"scroll","background-type":"","background-media":"","overlay-type":"","overlay-color":"","overlay-opacity":"","overlay-gradient":""},"mobile":{"background-color":"var(--ast-global-color-4)","background-image":"","background-repeat":"repeat","background-position":"center center","background-size":"auto","background-attachment":"scroll","background-type":"","background-media":"","overlay-type":"","overlay-color":"","overlay-opacity":"","overlay-gradient":""}}},"product_brand":[],"product_cat":[21,179,377,16],"product_tag":[],"class_list":{"0":"post-4935","1":"product","2":"type-product","3":"status-publish","4":"has-post-thumbnail","6":"product_cat-beauty-and-health","7":"product_cat-best-selling","8":"product_cat-featured","9":"product_cat-uncategorized","10":"product_shipping_class-small","11":"desktop-align-left","12":"tablet-align-left","13":"mobile-align-left","15":"first","16":"instock","17":"sale","18":"shipping-taxable","19":"purchasable","20":"product-type-simple"},"_links":{"self":[{"href":"https:\/\/zanebo.eu\/es\/wp-json\/wp\/v2\/product\/4935","targetHints":{"allow":["GET"]}}],"collection":[{"href":"https:\/\/zanebo.eu\/es\/wp-json\/wp\/v2\/product"}],"about":[{"href":"https:\/\/zanebo.eu\/es\/wp-json\/wp\/v2\/types\/product"}],"replies":[{"embeddable":true,"href":"https:\/\/zanebo.eu\/es\/wp-json\/wp\/v2\/comments?post=4935"}],"version-history":[{"count":7,"href":"https:\/\/zanebo.eu\/es\/wp-json\/wp\/v2\/product\/4935\/revisions"}],"predecessor-version":[{"id":13383,"href":"https:\/\/zanebo.eu\/es\/wp-json\/wp\/v2\/product\/4935\/revisions\/13383"}],"wp:featuredmedia":[{"embeddable":true,"href":"https:\/\/zanebo.eu\/es\/wp-json\/wp\/v2\/media\/4960"}],"wp:attachment":[{"href":"https:\/\/zanebo.eu\/es\/wp-json\/wp\/v2\/media?parent=4935"}],"wp:term":[{"taxonomy":"product_brand","embeddable":true,"href":"https:\/\/zanebo.eu\/es\/wp-json\/wp\/v2\/product_brand?post=4935"},{"taxonomy":"product_cat","embeddable":true,"href":"https:\/\/zanebo.eu\/es\/wp-json\/wp\/v2\/product_cat?post=4935"},{"taxonomy":"product_tag","embeddable":true,"href":"https:\/\/zanebo.eu\/es\/wp-json\/wp\/v2\/product_tag?post=4935"}],"curies":[{"name":"wp","href":"https:\/\/api.w.org\/{rel}","templated":true}]}}