{"id":4884,"date":"2025-02-20T04:34:19","date_gmt":"2025-02-20T04:34:19","guid":{"rendered":"https:\/\/zanebo.eu\/?post_type=product&#038;p=4884"},"modified":"2025-10-29T12:32:26","modified_gmt":"2025-10-29T12:32:26","slug":"microfiber-cloth-4-pcs-microwipe","status":"publish","type":"product","link":"https:\/\/zanebo.eu\/es\/producto\/microfiber-cloth-4-pcs-microwipe\/","title":{"rendered":"Pa\u00f1o de microfibra (4 uds.) | MICROWIPE"},"content":{"rendered":"<p style=\"text-align: center;\"><strong>\ud83c\udfc6 Pa\u00f1os de limpieza favoritos de los clientes! \ud83c\udfc6<\/strong><br \/>\nLos pa\u00f1os MICROWIPE se han convertido en la opci\u00f3n preferida en los hogares de todo el mundo. Su dise\u00f1o \u00fanico de microfibra los convierte en la opci\u00f3n ideal para todas las superficies, desde vidrio hasta madera. Son populares por su excelente absorci\u00f3n de agua, acabado sin rayas y durabilidad a largo plazo, los pa\u00f1os MICROWIPE son la soluci\u00f3n perfecta para resultados de limpieza r\u00e1pidos, eficientes e impecables en todo momento.<\/p>\n<div style=\"width: 600px;\" class=\"wp-video\"><!--[if lt IE 9]><script>document.createElement('video');<\/script><![endif]-->\n<video class=\"wp-video-shortcode\" id=\"video-4884-1\" width=\"600\" height=\"600\" preload=\"metadata\" controls=\"controls\"><source type=\"video\/webm\" src=\"https:\/\/zanebo.eu\/wp-content\/uploads\/2025\/02\/MICROWIPE21221.webm?_=1\" \/><a href=\"https:\/\/zanebo.eu\/wp-content\/uploads\/2025\/02\/MICROWIPE21221.webm\">https:\/\/zanebo.eu\/wp-content\/uploads\/2025\/02\/MICROWIPE21221.webm<\/a><\/video><\/div>\n<p>&nbsp;<\/p>\n<p style=\"text-align: center;\"><strong>Absorbe agua al instante<\/strong><br \/>\n\"Los MICROWIPES est\u00e1n dise\u00f1ados para enfrentar incluso las tareas de limpieza m\u00e1s dif\u00edciles con facilidad. Su tecnolog\u00eda de microfibra asegura una r\u00e1pida absorci\u00f3n de agua, permiti\u00e9ndote secar r\u00e1pidamente las superficies sin dejar rayas ni residuos.\"<\/p>\n<p><a href=\"https:\/\/zanebo.eu\/wp-content\/uploads\/2025\/02\/MICROWIPE22000-1.webp\"><img fetchpriority=\"high\" decoding=\"async\" class=\"wp-image-4894 aligncenter\" src=\"https:\/\/zanebo.eu\/wp-content\/uploads\/2025\/02\/MICROWIPE22000-1-300x300.webp\" alt=\"\" width=\"498\" height=\"498\" srcset=\"https:\/\/zanebo.eu\/wp-content\/uploads\/2025\/02\/MICROWIPE22000-1-300x300.webp 300w, https:\/\/zanebo.eu\/wp-content\/uploads\/2025\/02\/MICROWIPE22000-1-150x150.webp 150w, https:\/\/zanebo.eu\/wp-content\/uploads\/2025\/02\/MICROWIPE22000-1-500x500.webp 500w, https:\/\/zanebo.eu\/wp-content\/uploads\/2025\/02\/MICROWIPE22000-1-100x100.webp 100w, https:\/\/zanebo.eu\/wp-content\/uploads\/2025\/02\/MICROWIPE22000-1.webp 600w\" sizes=\"(max-width: 498px) 100vw, 498px\" \/><\/a><\/p>\n<p>&nbsp;<\/p>\n<p style=\"text-align: center;\"><strong>\"Duro con la suciedad, suave con las superficies\"<\/strong><br \/>\nApto para una variedad de superficies, incluidas las delicadas como pantallas, espejos y muebles. Sus fibras capturan eficazmente la suciedad y la mugre, dejando atr\u00e1s una superficie lisa e impecable sin causar da\u00f1os o rayaduras<\/p>\n<p><a href=\"https:\/\/zanebo.eu\/wp-content\/uploads\/2025\/02\/MICROWIPE23223.webp\"><img decoding=\"async\" class=\"wp-image-4898 aligncenter\" src=\"https:\/\/zanebo.eu\/wp-content\/uploads\/2025\/02\/MICROWIPE23223-300x300.webp\" alt=\"\" width=\"495\" height=\"495\" srcset=\"https:\/\/zanebo.eu\/wp-content\/uploads\/2025\/02\/MICROWIPE23223-300x300.webp 300w, https:\/\/zanebo.eu\/wp-content\/uploads\/2025\/02\/MICROWIPE23223-150x150.webp 150w, https:\/\/zanebo.eu\/wp-content\/uploads\/2025\/02\/MICROWIPE23223-500x500.webp 500w, https:\/\/zanebo.eu\/wp-content\/uploads\/2025\/02\/MICROWIPE23223-100x100.webp 100w, https:\/\/zanebo.eu\/wp-content\/uploads\/2025\/02\/MICROWIPE23223.webp 600w\" sizes=\"(max-width: 495px) 100vw, 495px\" \/><\/a><\/p>\n<p>&nbsp;<\/p>\n<p style=\"text-align: center;\"><strong>Duradero y lavable a m\u00e1quina<\/strong><br \/>\nDurability is the foundation of MICROWIPE. Each cloth is designed to withstand multiple uses and is easily machine washable. No need to replace them often &#8211; these cloths are made to last!<\/p>\n<p><a href=\"https:\/\/zanebo.eu\/wp-content\/uploads\/2025\/02\/MICROWIPE24224.webp\"><img decoding=\"async\" class=\"wp-image-4902 aligncenter\" src=\"https:\/\/zanebo.eu\/wp-content\/uploads\/2025\/02\/MICROWIPE24224-300x300.webp\" alt=\"\" width=\"485\" height=\"485\" srcset=\"https:\/\/zanebo.eu\/wp-content\/uploads\/2025\/02\/MICROWIPE24224-300x300.webp 300w, https:\/\/zanebo.eu\/wp-content\/uploads\/2025\/02\/MICROWIPE24224-150x150.webp 150w, https:\/\/zanebo.eu\/wp-content\/uploads\/2025\/02\/MICROWIPE24224-500x500.webp 500w, https:\/\/zanebo.eu\/wp-content\/uploads\/2025\/02\/MICROWIPE24224-100x100.webp 100w, https:\/\/zanebo.eu\/wp-content\/uploads\/2025\/02\/MICROWIPE24224.webp 600w\" sizes=\"(max-width: 485px) 100vw, 485px\" \/><\/a><\/p>\n<p>&nbsp;<\/p>\n<p style=\"text-align: center;\"><strong>\ud83d\udcb8 Buy more and save<\/strong><br \/>\nFor larger cleaning jobs or when you simply want to have a few extra items on hand, buying more means more savings. Add more packs to your cart and take advantage of discounted prices &#8211; keeping your home spotless has never been more affordable!<\/p>\n<p><a href=\"https:\/\/zanebo.eu\/wp-content\/uploads\/2025\/02\/MICROWIPE25225.webp\"><img loading=\"lazy\" decoding=\"async\" class=\"wp-image-4905 aligncenter\" src=\"https:\/\/zanebo.eu\/wp-content\/uploads\/2025\/02\/MICROWIPE25225-300x300.webp\" alt=\"\" width=\"469\" height=\"469\" srcset=\"https:\/\/zanebo.eu\/wp-content\/uploads\/2025\/02\/MICROWIPE25225-300x300.webp 300w, https:\/\/zanebo.eu\/wp-content\/uploads\/2025\/02\/MICROWIPE25225-150x150.webp 150w, https:\/\/zanebo.eu\/wp-content\/uploads\/2025\/02\/MICROWIPE25225-500x500.webp 500w, https:\/\/zanebo.eu\/wp-content\/uploads\/2025\/02\/MICROWIPE25225-100x100.webp 100w, https:\/\/zanebo.eu\/wp-content\/uploads\/2025\/02\/MICROWIPE25225.webp 600w\" sizes=\"(max-width: 469px) 100vw, 469px\" \/><\/a><\/p>\n<p>&nbsp;<\/p>\n<p style=\"text-align: center;\"><strong>Especificaciones<\/strong><br \/>\n<strong>Material<\/strong>\u00a0microfibra de alta calidad<br \/>\n<strong>Dimensions:<\/strong>\u00a020 x 25 cm<br \/>\n<strong>Caracter\u00edsticas<\/strong>\u00a0S\u00faper absorbente, de secado r\u00e1pido, lavable a m\u00e1quina, superficie sin rayas<\/p>\n<p style=\"text-align: center;\"><strong>What&#8217;s included:<\/strong><br \/>\n4x pa\u00f1os de microfibra (cada uno mide 20 x 25 cm)<\/p>\n<p><a href=\"https:\/\/zanebo.eu\/wp-content\/uploads\/2025\/02\/MICROWIPE26226.webp\"><img loading=\"lazy\" decoding=\"async\" class=\"wp-image-4906 aligncenter\" src=\"https:\/\/zanebo.eu\/wp-content\/uploads\/2025\/02\/MICROWIPE26226-300x300.webp\" alt=\"\" width=\"457\" height=\"457\" srcset=\"https:\/\/zanebo.eu\/wp-content\/uploads\/2025\/02\/MICROWIPE26226-300x300.webp 300w, https:\/\/zanebo.eu\/wp-content\/uploads\/2025\/02\/MICROWIPE26226-150x150.webp 150w, https:\/\/zanebo.eu\/wp-content\/uploads\/2025\/02\/MICROWIPE26226-500x500.webp 500w, https:\/\/zanebo.eu\/wp-content\/uploads\/2025\/02\/MICROWIPE26226-100x100.webp 100w, https:\/\/zanebo.eu\/wp-content\/uploads\/2025\/02\/MICROWIPE26226.webp 600w\" sizes=\"(max-width: 457px) 100vw, 457px\" \/><\/a><\/p>\n<p style=\"text-align: center;\"><picture class=\"aligncenter size-full\"><source srcset=\"https:\/\/sk.vilfino.com\/app\/uploads\/2024\/09\/MICROWIPE26226.webp\" type=\"image\/webp\" data-srcset=\"https:\/\/sk.vilfino.com\/app\/uploads\/2024\/09\/MICROWIPE26226.webp\" \/><\/picture><\/p>","protected":false},"excerpt":{"rendered":"<p style=\"text-align: left;\"><b>\u2728<\/b>Irreplaceable microfiber cloths for fast absorption and stain-free cleaning!<\/p>\n<p style=\"text-align: left;\"><b>\ud83e\uddfc<\/b>Suitable for all surfaces, durable and machine washable.<\/p>\n<p style=\"text-align: left;\"><b>\ud83d\udccf<\/b>Each pack contains 4 cloths (each measuring 20 x 25 cm)<\/p>","protected":false},"featured_media":4921,"comment_status":"open","ping_status":"closed","template":"","meta":{"site-sidebar-layout":"default","site-content-layout":"","ast-site-content-layout":"default","site-content-style":"default","site-sidebar-style":"default","ast-global-header-display":"","ast-banner-title-visibility":"","ast-main-header-display":"","ast-hfb-above-header-display":"","ast-hfb-below-header-display":"","ast-hfb-mobile-header-display":"","site-post-title":"","ast-breadcrumbs-content":"","ast-featured-img":"","footer-sml-layout":"","ast-disable-related-posts":"","theme-transparent-header-meta":"default","adv-header-id-meta":"","stick-header-meta":"","header-above-stick-meta":"","header-main-stick-meta":"","header-below-stick-meta":"","astra-migrate-meta-layouts":"set","ast-page-background-enabled":"default","ast-page-background-meta":{"desktop":{"background-color":"var(--ast-global-color-5)","background-image":"","background-repeat":"repeat","background-position":"center center","background-size":"auto","background-attachment":"scroll","background-type":"","background-media":"","overlay-type":"","overlay-color":"","overlay-opacity":"","overlay-gradient":""},"tablet":{"background-color":"","background-image":"","background-repeat":"repeat","background-position":"center center","background-size":"auto","background-attachment":"scroll","background-type":"","background-media":"","overlay-type":"","overlay-color":"","overlay-opacity":"","overlay-gradient":""},"mobile":{"background-color":"","background-image":"","background-repeat":"repeat","background-position":"center center","background-size":"auto","background-attachment":"scroll","background-type":"","background-media":"","overlay-type":"","overlay-color":"","overlay-opacity":"","overlay-gradient":""}},"ast-content-background-meta":{"desktop":{"background-color":"var(--ast-global-color-4)","background-image":"","background-repeat":"repeat","background-position":"center center","background-size":"auto","background-attachment":"scroll","background-type":"","background-media":"","overlay-type":"","overlay-color":"","overlay-opacity":"","overlay-gradient":""},"tablet":{"background-color":"var(--ast-global-color-4)","background-image":"","background-repeat":"repeat","background-position":"center center","background-size":"auto","background-attachment":"scroll","background-type":"","background-media":"","overlay-type":"","overlay-color":"","overlay-opacity":"","overlay-gradient":""},"mobile":{"background-color":"var(--ast-global-color-4)","background-image":"","background-repeat":"repeat","background-position":"center center","background-size":"auto","background-attachment":"scroll","background-type":"","background-media":"","overlay-type":"","overlay-color":"","overlay-opacity":"","overlay-gradient":""}}},"product_brand":[],"product_cat":[21,179,377,16],"product_tag":[],"class_list":{"0":"post-4884","1":"product","2":"type-product","3":"status-publish","4":"has-post-thumbnail","6":"product_cat-beauty-and-health","7":"product_cat-best-selling","8":"product_cat-featured","9":"product_cat-uncategorized","10":"product_shipping_class-small","11":"desktop-align-left","12":"tablet-align-left","13":"mobile-align-left","15":"first","16":"instock","17":"sale","18":"shipping-taxable","19":"purchasable","20":"product-type-simple"},"_links":{"self":[{"href":"https:\/\/zanebo.eu\/es\/wp-json\/wp\/v2\/product\/4884","targetHints":{"allow":["GET"]}}],"collection":[{"href":"https:\/\/zanebo.eu\/es\/wp-json\/wp\/v2\/product"}],"about":[{"href":"https:\/\/zanebo.eu\/es\/wp-json\/wp\/v2\/types\/product"}],"replies":[{"embeddable":true,"href":"https:\/\/zanebo.eu\/es\/wp-json\/wp\/v2\/comments?post=4884"}],"version-history":[{"count":7,"href":"https:\/\/zanebo.eu\/es\/wp-json\/wp\/v2\/product\/4884\/revisions"}],"predecessor-version":[{"id":13382,"href":"https:\/\/zanebo.eu\/es\/wp-json\/wp\/v2\/product\/4884\/revisions\/13382"}],"wp:featuredmedia":[{"embeddable":true,"href":"https:\/\/zanebo.eu\/es\/wp-json\/wp\/v2\/media\/4921"}],"wp:attachment":[{"href":"https:\/\/zanebo.eu\/es\/wp-json\/wp\/v2\/media?parent=4884"}],"wp:term":[{"taxonomy":"product_brand","embeddable":true,"href":"https:\/\/zanebo.eu\/es\/wp-json\/wp\/v2\/product_brand?post=4884"},{"taxonomy":"product_cat","embeddable":true,"href":"https:\/\/zanebo.eu\/es\/wp-json\/wp\/v2\/product_cat?post=4884"},{"taxonomy":"product_tag","embeddable":true,"href":"https:\/\/zanebo.eu\/es\/wp-json\/wp\/v2\/product_tag?post=4884"}],"curies":[{"name":"wp","href":"https:\/\/api.w.org\/{rel}","templated":true}]}}